{"id":728,"date":"2026-03-13T22:52:20","date_gmt":"2026-03-13T22:52:20","guid":{"rendered":"http:\/\/www.quasar-salud.com.pe\/?post_type=product&#038;p=728"},"modified":"2026-04-30T08:12:46","modified_gmt":"2026-04-30T08:12:46","slug":"curso-oficial-psilocibina","status":"publish","type":"product","link":"http:\/\/www.quasar-salud.com.pe\/?product=curso-oficial-psilocibina","title":{"rendered":"Diplomado Oficial Psilocibina"},"content":{"rendered":"<p>Psilocibina y Hongos Adapt\u00f3genos en Oncolog\u00eda y Regeneraci\u00f3n Celular<\/p>\n","protected":false},"excerpt":{"rendered":"<p>Psilocibina y Hongos Adapt\u00f3genos en Oncolog\u00eda y Regeneraci\u00f3n Celular<\/p>\n","protected":false},"featured_media":733,"comment_status":"open","ping_status":"closed","template":"","meta":{"_kadence_starter_templates_imported_post":false},"product_brand":[],"product_cat":[33],"product_tag":[],"class_list":{"0":"post-728","1":"product","2":"type-product","3":"status-publish","4":"has-post-thumbnail","6":"product_cat-diplomados","8":"first","9":"instock","10":"shipping-taxable","11":"purchasable","12":"product-type-variable"},"yoast_head":"<!-- This site is optimized with the Yoast SEO plugin v27.4 - https:\/\/yoast.com\/product\/yoast-seo-wordpress\/ -->\n<title>Diplomado Oficial Psilocibina - QUASAR SALUD<\/title>\n<meta name=\"robots\" content=\"index, follow, max-snippet:-1, max-image-preview:large, max-video-preview:-1\" \/>\n<link rel=\"canonical\" href=\"http:\/\/www.quasar-salud.com.pe\/?product=curso-oficial-psilocibina\" \/>\n<meta property=\"og:locale\" content=\"es_ES\" \/>\n<meta property=\"og:type\" content=\"article\" \/>\n<meta property=\"og:title\" content=\"Diplomado Oficial Psilocibina - QUASAR SALUD\" \/>\n<meta property=\"og:description\" content=\"Psilocibina y Hongos Adapt\u00f3genos en Oncolog\u00eda y Regeneraci\u00f3n Celular\" \/>\n<meta property=\"og:url\" content=\"http:\/\/www.quasar-salud.com.pe\/?product=curso-oficial-psilocibina\" \/>\n<meta property=\"og:site_name\" content=\"QUASAR SALUD\" \/>\n<meta property=\"article:modified_time\" content=\"2026-04-30T08:12:46+00:00\" \/>\n<meta property=\"og:image\" content=\"http:\/\/www.quasar-salud.com.pe\/wp-content\/uploads\/2026\/03\/Curso-2-1080-1.jpeg\" \/>\n\t<meta property=\"og:image:width\" content=\"1080\" \/>\n\t<meta property=\"og:image:height\" content=\"1080\" \/>\n\t<meta property=\"og:image:type\" content=\"image\/jpeg\" \/>\n<meta name=\"twitter:card\" content=\"summary_large_image\" \/>\n<meta name=\"twitter:label1\" content=\"Tiempo de lectura\" \/>\n\t<meta name=\"twitter:data1\" content=\"1 minuto\" \/>\n<script type=\"application\/ld+json\" class=\"yoast-schema-graph\">{\"@context\":\"https:\\\/\\\/schema.org\",\"@graph\":[{\"@type\":\"WebPage\",\"@id\":\"http:\\\/\\\/www.quasar-salud.com.pe\\\/?product=curso-oficial-psilocibina\",\"url\":\"http:\\\/\\\/www.quasar-salud.com.pe\\\/?product=curso-oficial-psilocibina\",\"name\":\"Diplomado Oficial Psilocibina - QUASAR SALUD\",\"isPartOf\":{\"@id\":\"http:\\\/\\\/www.quasar-salud.com.pe\\\/#website\"},\"primaryImageOfPage\":{\"@id\":\"http:\\\/\\\/www.quasar-salud.com.pe\\\/?product=curso-oficial-psilocibina#primaryimage\"},\"image\":{\"@id\":\"http:\\\/\\\/www.quasar-salud.com.pe\\\/?product=curso-oficial-psilocibina#primaryimage\"},\"thumbnailUrl\":\"http:\\\/\\\/www.quasar-salud.com.pe\\\/wp-content\\\/uploads\\\/2026\\\/03\\\/Curso-2-1080-1.jpeg\",\"datePublished\":\"2026-03-13T22:52:20+00:00\",\"dateModified\":\"2026-04-30T08:12:46+00:00\",\"breadcrumb\":{\"@id\":\"http:\\\/\\\/www.quasar-salud.com.pe\\\/?product=curso-oficial-psilocibina#breadcrumb\"},\"inLanguage\":\"es\",\"potentialAction\":[{\"@type\":\"ReadAction\",\"target\":[\"http:\\\/\\\/www.quasar-salud.com.pe\\\/?product=curso-oficial-psilocibina\"]}]},{\"@type\":\"ImageObject\",\"inLanguage\":\"es\",\"@id\":\"http:\\\/\\\/www.quasar-salud.com.pe\\\/?product=curso-oficial-psilocibina#primaryimage\",\"url\":\"http:\\\/\\\/www.quasar-salud.com.pe\\\/wp-content\\\/uploads\\\/2026\\\/03\\\/Curso-2-1080-1.jpeg\",\"contentUrl\":\"http:\\\/\\\/www.quasar-salud.com.pe\\\/wp-content\\\/uploads\\\/2026\\\/03\\\/Curso-2-1080-1.jpeg\",\"width\":1080,\"height\":1080},{\"@type\":\"BreadcrumbList\",\"@id\":\"http:\\\/\\\/www.quasar-salud.com.pe\\\/?product=curso-oficial-psilocibina#breadcrumb\",\"itemListElement\":[{\"@type\":\"ListItem\",\"position\":1,\"name\":\"Portada\",\"item\":\"http:\\\/\\\/www.quasar-salud.com.pe\\\/\"},{\"@type\":\"ListItem\",\"position\":2,\"name\":\"Productos\",\"item\":\"http:\\\/\\\/www.quasar-salud.com.pe\\\/?page_id=69\"},{\"@type\":\"ListItem\",\"position\":3,\"name\":\"Diplomado Oficial Psilocibina\"}]},{\"@type\":\"WebSite\",\"@id\":\"http:\\\/\\\/www.quasar-salud.com.pe\\\/#website\",\"url\":\"http:\\\/\\\/www.quasar-salud.com.pe\\\/\",\"name\":\"QUASAR SALUD\",\"description\":\"Priorizamos tu salud con metodos alternativos.\",\"publisher\":{\"@id\":\"http:\\\/\\\/www.quasar-salud.com.pe\\\/#organization\"},\"potentialAction\":[{\"@type\":\"SearchAction\",\"target\":{\"@type\":\"EntryPoint\",\"urlTemplate\":\"http:\\\/\\\/www.quasar-salud.com.pe\\\/?s={search_term_string}\"},\"query-input\":{\"@type\":\"PropertyValueSpecification\",\"valueRequired\":true,\"valueName\":\"search_term_string\"}}],\"inLanguage\":\"es\"},{\"@type\":\"Organization\",\"@id\":\"http:\\\/\\\/www.quasar-salud.com.pe\\\/#organization\",\"name\":\"QUASAR SALUD\",\"url\":\"http:\\\/\\\/www.quasar-salud.com.pe\\\/\",\"logo\":{\"@type\":\"ImageObject\",\"inLanguage\":\"es\",\"@id\":\"http:\\\/\\\/www.quasar-salud.com.pe\\\/#\\\/schema\\\/logo\\\/image\\\/\",\"url\":\"http:\\\/\\\/www.quasar-salud.com.pe\\\/wp-content\\\/uploads\\\/2024\\\/07\\\/logo-quasar-web-borde-blanco.png\",\"contentUrl\":\"http:\\\/\\\/www.quasar-salud.com.pe\\\/wp-content\\\/uploads\\\/2024\\\/07\\\/logo-quasar-web-borde-blanco.png\",\"width\":180,\"height\":73,\"caption\":\"QUASAR SALUD\"},\"image\":{\"@id\":\"http:\\\/\\\/www.quasar-salud.com.pe\\\/#\\\/schema\\\/logo\\\/image\\\/\"}}]}<\/script>\n<!-- \/ Yoast SEO plugin. -->","yoast_head_json":{"title":"Diplomado Oficial Psilocibina - QUASAR SALUD","robots":{"index":"index","follow":"follow","max-snippet":"max-snippet:-1","max-image-preview":"max-image-preview:large","max-video-preview":"max-video-preview:-1"},"canonical":"http:\/\/www.quasar-salud.com.pe\/?product=curso-oficial-psilocibina","og_locale":"es_ES","og_type":"article","og_title":"Diplomado Oficial Psilocibina - QUASAR SALUD","og_description":"Psilocibina y Hongos Adapt\u00f3genos en Oncolog\u00eda y Regeneraci\u00f3n Celular","og_url":"http:\/\/www.quasar-salud.com.pe\/?product=curso-oficial-psilocibina","og_site_name":"QUASAR SALUD","article_modified_time":"2026-04-30T08:12:46+00:00","og_image":[{"width":1080,"height":1080,"url":"http:\/\/www.quasar-salud.com.pe\/wp-content\/uploads\/2026\/03\/Curso-2-1080-1.jpeg","type":"image\/jpeg"}],"twitter_card":"summary_large_image","twitter_misc":{"Tiempo de lectura":"1 minuto"},"schema":{"@context":"https:\/\/schema.org","@graph":[{"@type":"WebPage","@id":"http:\/\/www.quasar-salud.com.pe\/?product=curso-oficial-psilocibina","url":"http:\/\/www.quasar-salud.com.pe\/?product=curso-oficial-psilocibina","name":"Diplomado Oficial Psilocibina - QUASAR SALUD","isPartOf":{"@id":"http:\/\/www.quasar-salud.com.pe\/#website"},"primaryImageOfPage":{"@id":"http:\/\/www.quasar-salud.com.pe\/?product=curso-oficial-psilocibina#primaryimage"},"image":{"@id":"http:\/\/www.quasar-salud.com.pe\/?product=curso-oficial-psilocibina#primaryimage"},"thumbnailUrl":"http:\/\/www.quasar-salud.com.pe\/wp-content\/uploads\/2026\/03\/Curso-2-1080-1.jpeg","datePublished":"2026-03-13T22:52:20+00:00","dateModified":"2026-04-30T08:12:46+00:00","breadcrumb":{"@id":"http:\/\/www.quasar-salud.com.pe\/?product=curso-oficial-psilocibina#breadcrumb"},"inLanguage":"es","potentialAction":[{"@type":"ReadAction","target":["http:\/\/www.quasar-salud.com.pe\/?product=curso-oficial-psilocibina"]}]},{"@type":"ImageObject","inLanguage":"es","@id":"http:\/\/www.quasar-salud.com.pe\/?product=curso-oficial-psilocibina#primaryimage","url":"http:\/\/www.quasar-salud.com.pe\/wp-content\/uploads\/2026\/03\/Curso-2-1080-1.jpeg","contentUrl":"http:\/\/www.quasar-salud.com.pe\/wp-content\/uploads\/2026\/03\/Curso-2-1080-1.jpeg","width":1080,"height":1080},{"@type":"BreadcrumbList","@id":"http:\/\/www.quasar-salud.com.pe\/?product=curso-oficial-psilocibina#breadcrumb","itemListElement":[{"@type":"ListItem","position":1,"name":"Portada","item":"http:\/\/www.quasar-salud.com.pe\/"},{"@type":"ListItem","position":2,"name":"Productos","item":"http:\/\/www.quasar-salud.com.pe\/?page_id=69"},{"@type":"ListItem","position":3,"name":"Diplomado Oficial Psilocibina"}]},{"@type":"WebSite","@id":"http:\/\/www.quasar-salud.com.pe\/#website","url":"http:\/\/www.quasar-salud.com.pe\/","name":"QUASAR SALUD","description":"Priorizamos tu salud con metodos alternativos.","publisher":{"@id":"http:\/\/www.quasar-salud.com.pe\/#organization"},"potentialAction":[{"@type":"SearchAction","target":{"@type":"EntryPoint","urlTemplate":"http:\/\/www.quasar-salud.com.pe\/?s={search_term_string}"},"query-input":{"@type":"PropertyValueSpecification","valueRequired":true,"valueName":"search_term_string"}}],"inLanguage":"es"},{"@type":"Organization","@id":"http:\/\/www.quasar-salud.com.pe\/#organization","name":"QUASAR SALUD","url":"http:\/\/www.quasar-salud.com.pe\/","logo":{"@type":"ImageObject","inLanguage":"es","@id":"http:\/\/www.quasar-salud.com.pe\/#\/schema\/logo\/image\/","url":"http:\/\/www.quasar-salud.com.pe\/wp-content\/uploads\/2024\/07\/logo-quasar-web-borde-blanco.png","contentUrl":"http:\/\/www.quasar-salud.com.pe\/wp-content\/uploads\/2024\/07\/logo-quasar-web-borde-blanco.png","width":180,"height":73,"caption":"QUASAR SALUD"},"image":{"@id":"http:\/\/www.quasar-salud.com.pe\/#\/schema\/logo\/image\/"}}]}},"_links":{"self":[{"href":"http:\/\/www.quasar-salud.com.pe\/index.php?rest_route=\/wp\/v2\/product\/728","targetHints":{"allow":["GET"]}}],"collection":[{"href":"http:\/\/www.quasar-salud.com.pe\/index.php?rest_route=\/wp\/v2\/product"}],"about":[{"href":"http:\/\/www.quasar-salud.com.pe\/index.php?rest_route=\/wp\/v2\/types\/product"}],"replies":[{"embeddable":true,"href":"http:\/\/www.quasar-salud.com.pe\/index.php?rest_route=%2Fwp%2Fv2%2Fcomments&post=728"}],"wp:featuredmedia":[{"embeddable":true,"href":"http:\/\/www.quasar-salud.com.pe\/index.php?rest_route=\/wp\/v2\/media\/733"}],"wp:attachment":[{"href":"http:\/\/www.quasar-salud.com.pe\/index.php?rest_route=%2Fwp%2Fv2%2Fmedia&parent=728"}],"wp:term":[{"taxonomy":"product_brand","embeddable":true,"href":"http:\/\/www.quasar-salud.com.pe\/index.php?rest_route=%2Fwp%2Fv2%2Fproduct_brand&post=728"},{"taxonomy":"product_cat","embeddable":true,"href":"http:\/\/www.quasar-salud.com.pe\/index.php?rest_route=%2Fwp%2Fv2%2Fproduct_cat&post=728"},{"taxonomy":"product_tag","embeddable":true,"href":"http:\/\/www.quasar-salud.com.pe\/index.php?rest_route=%2Fwp%2Fv2%2Fproduct_tag&post=728"}],"curies":[{"name":"wp","href":"https:\/\/api.w.org\/{rel}","templated":true}]}}