{"id":776,"date":"2026-04-07T01:35:33","date_gmt":"2026-04-07T01:35:33","guid":{"rendered":"http:\/\/www.quasar-salud.com.pe\/?post_type=product&#038;p=776"},"modified":"2026-04-07T01:41:44","modified_gmt":"2026-04-07T01:41:44","slug":"inmersion-clinica-certificante","status":"publish","type":"product","link":"http:\/\/www.quasar-salud.com.pe\/?product=inmersion-clinica-certificante","title":{"rendered":"Inmersi\u00f3n Cl\u00ednica Certificante"},"content":{"rendered":"<p>Retiro Presencial Moyobamba Per\u00fa, del 21 al 25 de Abril, 2027<\/p>\n<p>La Inmersi\u00f3n Cl\u00ednica Certificante es el cierre presencial de nuestra Maestr\u00eda. No es un curso m\u00e1s \u2014 es el espacio donde todo lo aprendido se vive, se integra y se certifica.<\/p>\n<p>Durante 5 d\u00edas en plena selva amaz\u00f3nica, vivir\u00e1s una experiencia \u00fanica: ser\u00e1s terapeuta *y* paciente. Porque quien gu\u00eda otros procesos tambi\u00e9n necesita transitar el suyo.<\/p>\n","protected":false},"excerpt":{"rendered":"<p>Retiro Presencial Moyobamba Per\u00fa, del 21 al 25 de Abril, 2027 La Inmersi\u00f3n Cl\u00ednica Certificante es el cierre presencial de nuestra Maestr\u00eda. No es un curso m\u00e1s \u2014 es el espacio donde todo lo aprendido se vive, se integra y se certifica. Durante 5 d\u00edas en plena selva amaz\u00f3nica, vivir\u00e1s una experiencia \u00fanica: ser\u00e1s terapeuta [&hellip;]<\/p>\n","protected":false},"featured_media":782,"comment_status":"open","ping_status":"closed","template":"","meta":{"_kadence_starter_templates_imported_post":false},"product_brand":[],"product_cat":[34],"product_tag":[],"class_list":{"0":"post-776","1":"product","2":"type-product","3":"status-publish","4":"has-post-thumbnail","6":"product_cat-retiros","8":"first","9":"instock","10":"sale","11":"shipping-taxable","12":"purchasable","13":"product-type-variable"},"yoast_head":"<!-- This site is optimized with the Yoast SEO plugin v27.4 - https:\/\/yoast.com\/product\/yoast-seo-wordpress\/ -->\n<title>Inmersi\u00f3n Cl\u00ednica Certificante - QUASAR SALUD<\/title>\n<meta name=\"robots\" content=\"index, follow, max-snippet:-1, max-image-preview:large, max-video-preview:-1\" \/>\n<link rel=\"canonical\" href=\"http:\/\/www.quasar-salud.com.pe\/?product=inmersion-clinica-certificante\" \/>\n<meta property=\"og:locale\" content=\"es_ES\" \/>\n<meta property=\"og:type\" content=\"article\" \/>\n<meta property=\"og:title\" content=\"Inmersi\u00f3n Cl\u00ednica Certificante - QUASAR SALUD\" \/>\n<meta property=\"og:description\" content=\"Retiro Presencial Moyobamba Per\u00fa, del 21 al 25 de Abril, 2027 La Inmersi\u00f3n Cl\u00ednica Certificante es el cierre presencial de nuestra Maestr\u00eda. No es un curso m\u00e1s \u2014 es el espacio donde todo lo aprendido se vive, se integra y se certifica. Durante 5 d\u00edas en plena selva amaz\u00f3nica, vivir\u00e1s una experiencia \u00fanica: ser\u00e1s terapeuta [&hellip;]\" \/>\n<meta property=\"og:url\" content=\"http:\/\/www.quasar-salud.com.pe\/?product=inmersion-clinica-certificante\" \/>\n<meta property=\"og:site_name\" content=\"QUASAR SALUD\" \/>\n<meta property=\"article:modified_time\" content=\"2026-04-07T01:41:44+00:00\" \/>\n<meta property=\"og:image\" content=\"http:\/\/www.quasar-salud.com.pe\/wp-content\/uploads\/2026\/04\/retiro-1080-x-1080-px-1024x1024.png\" \/>\n\t<meta property=\"og:image:width\" content=\"1024\" \/>\n\t<meta property=\"og:image:height\" content=\"1024\" \/>\n\t<meta property=\"og:image:type\" content=\"image\/png\" \/>\n<meta name=\"twitter:card\" content=\"summary_large_image\" \/>\n<meta name=\"twitter:label1\" content=\"Tiempo de lectura\" \/>\n\t<meta name=\"twitter:data1\" content=\"1 minuto\" \/>\n<script type=\"application\/ld+json\" class=\"yoast-schema-graph\">{\"@context\":\"https:\\\/\\\/schema.org\",\"@graph\":[{\"@type\":\"WebPage\",\"@id\":\"http:\\\/\\\/www.quasar-salud.com.pe\\\/?product=inmersion-clinica-certificante\",\"url\":\"http:\\\/\\\/www.quasar-salud.com.pe\\\/?product=inmersion-clinica-certificante\",\"name\":\"Inmersi\u00f3n Cl\u00ednica Certificante - QUASAR SALUD\",\"isPartOf\":{\"@id\":\"http:\\\/\\\/www.quasar-salud.com.pe\\\/#website\"},\"primaryImageOfPage\":{\"@id\":\"http:\\\/\\\/www.quasar-salud.com.pe\\\/?product=inmersion-clinica-certificante#primaryimage\"},\"image\":{\"@id\":\"http:\\\/\\\/www.quasar-salud.com.pe\\\/?product=inmersion-clinica-certificante#primaryimage\"},\"thumbnailUrl\":\"http:\\\/\\\/www.quasar-salud.com.pe\\\/wp-content\\\/uploads\\\/2026\\\/04\\\/retiro-1080-x-1080-px.png\",\"datePublished\":\"2026-04-07T01:35:33+00:00\",\"dateModified\":\"2026-04-07T01:41:44+00:00\",\"breadcrumb\":{\"@id\":\"http:\\\/\\\/www.quasar-salud.com.pe\\\/?product=inmersion-clinica-certificante#breadcrumb\"},\"inLanguage\":\"es\",\"potentialAction\":[{\"@type\":\"ReadAction\",\"target\":[\"http:\\\/\\\/www.quasar-salud.com.pe\\\/?product=inmersion-clinica-certificante\"]}]},{\"@type\":\"ImageObject\",\"inLanguage\":\"es\",\"@id\":\"http:\\\/\\\/www.quasar-salud.com.pe\\\/?product=inmersion-clinica-certificante#primaryimage\",\"url\":\"http:\\\/\\\/www.quasar-salud.com.pe\\\/wp-content\\\/uploads\\\/2026\\\/04\\\/retiro-1080-x-1080-px.png\",\"contentUrl\":\"http:\\\/\\\/www.quasar-salud.com.pe\\\/wp-content\\\/uploads\\\/2026\\\/04\\\/retiro-1080-x-1080-px.png\",\"width\":1080,\"height\":1080},{\"@type\":\"BreadcrumbList\",\"@id\":\"http:\\\/\\\/www.quasar-salud.com.pe\\\/?product=inmersion-clinica-certificante#breadcrumb\",\"itemListElement\":[{\"@type\":\"ListItem\",\"position\":1,\"name\":\"Portada\",\"item\":\"http:\\\/\\\/www.quasar-salud.com.pe\\\/\"},{\"@type\":\"ListItem\",\"position\":2,\"name\":\"Productos\",\"item\":\"http:\\\/\\\/www.quasar-salud.com.pe\\\/?page_id=69\"},{\"@type\":\"ListItem\",\"position\":3,\"name\":\"Inmersi\u00f3n Cl\u00ednica Certificante\"}]},{\"@type\":\"WebSite\",\"@id\":\"http:\\\/\\\/www.quasar-salud.com.pe\\\/#website\",\"url\":\"http:\\\/\\\/www.quasar-salud.com.pe\\\/\",\"name\":\"QUASAR SALUD\",\"description\":\"Priorizamos tu salud con metodos alternativos.\",\"publisher\":{\"@id\":\"http:\\\/\\\/www.quasar-salud.com.pe\\\/#organization\"},\"potentialAction\":[{\"@type\":\"SearchAction\",\"target\":{\"@type\":\"EntryPoint\",\"urlTemplate\":\"http:\\\/\\\/www.quasar-salud.com.pe\\\/?s={search_term_string}\"},\"query-input\":{\"@type\":\"PropertyValueSpecification\",\"valueRequired\":true,\"valueName\":\"search_term_string\"}}],\"inLanguage\":\"es\"},{\"@type\":\"Organization\",\"@id\":\"http:\\\/\\\/www.quasar-salud.com.pe\\\/#organization\",\"name\":\"QUASAR SALUD\",\"url\":\"http:\\\/\\\/www.quasar-salud.com.pe\\\/\",\"logo\":{\"@type\":\"ImageObject\",\"inLanguage\":\"es\",\"@id\":\"http:\\\/\\\/www.quasar-salud.com.pe\\\/#\\\/schema\\\/logo\\\/image\\\/\",\"url\":\"http:\\\/\\\/www.quasar-salud.com.pe\\\/wp-content\\\/uploads\\\/2024\\\/07\\\/logo-quasar-web-borde-blanco.png\",\"contentUrl\":\"http:\\\/\\\/www.quasar-salud.com.pe\\\/wp-content\\\/uploads\\\/2024\\\/07\\\/logo-quasar-web-borde-blanco.png\",\"width\":180,\"height\":73,\"caption\":\"QUASAR SALUD\"},\"image\":{\"@id\":\"http:\\\/\\\/www.quasar-salud.com.pe\\\/#\\\/schema\\\/logo\\\/image\\\/\"}}]}<\/script>\n<!-- \/ Yoast SEO plugin. -->","yoast_head_json":{"title":"Inmersi\u00f3n Cl\u00ednica Certificante - QUASAR SALUD","robots":{"index":"index","follow":"follow","max-snippet":"max-snippet:-1","max-image-preview":"max-image-preview:large","max-video-preview":"max-video-preview:-1"},"canonical":"http:\/\/www.quasar-salud.com.pe\/?product=inmersion-clinica-certificante","og_locale":"es_ES","og_type":"article","og_title":"Inmersi\u00f3n Cl\u00ednica Certificante - QUASAR SALUD","og_description":"Retiro Presencial Moyobamba Per\u00fa, del 21 al 25 de Abril, 2027 La Inmersi\u00f3n Cl\u00ednica Certificante es el cierre presencial de nuestra Maestr\u00eda. No es un curso m\u00e1s \u2014 es el espacio donde todo lo aprendido se vive, se integra y se certifica. Durante 5 d\u00edas en plena selva amaz\u00f3nica, vivir\u00e1s una experiencia \u00fanica: ser\u00e1s terapeuta [&hellip;]","og_url":"http:\/\/www.quasar-salud.com.pe\/?product=inmersion-clinica-certificante","og_site_name":"QUASAR SALUD","article_modified_time":"2026-04-07T01:41:44+00:00","og_image":[{"width":1024,"height":1024,"url":"http:\/\/www.quasar-salud.com.pe\/wp-content\/uploads\/2026\/04\/retiro-1080-x-1080-px-1024x1024.png","type":"image\/png"}],"twitter_card":"summary_large_image","twitter_misc":{"Tiempo de lectura":"1 minuto"},"schema":{"@context":"https:\/\/schema.org","@graph":[{"@type":"WebPage","@id":"http:\/\/www.quasar-salud.com.pe\/?product=inmersion-clinica-certificante","url":"http:\/\/www.quasar-salud.com.pe\/?product=inmersion-clinica-certificante","name":"Inmersi\u00f3n Cl\u00ednica Certificante - QUASAR SALUD","isPartOf":{"@id":"http:\/\/www.quasar-salud.com.pe\/#website"},"primaryImageOfPage":{"@id":"http:\/\/www.quasar-salud.com.pe\/?product=inmersion-clinica-certificante#primaryimage"},"image":{"@id":"http:\/\/www.quasar-salud.com.pe\/?product=inmersion-clinica-certificante#primaryimage"},"thumbnailUrl":"http:\/\/www.quasar-salud.com.pe\/wp-content\/uploads\/2026\/04\/retiro-1080-x-1080-px.png","datePublished":"2026-04-07T01:35:33+00:00","dateModified":"2026-04-07T01:41:44+00:00","breadcrumb":{"@id":"http:\/\/www.quasar-salud.com.pe\/?product=inmersion-clinica-certificante#breadcrumb"},"inLanguage":"es","potentialAction":[{"@type":"ReadAction","target":["http:\/\/www.quasar-salud.com.pe\/?product=inmersion-clinica-certificante"]}]},{"@type":"ImageObject","inLanguage":"es","@id":"http:\/\/www.quasar-salud.com.pe\/?product=inmersion-clinica-certificante#primaryimage","url":"http:\/\/www.quasar-salud.com.pe\/wp-content\/uploads\/2026\/04\/retiro-1080-x-1080-px.png","contentUrl":"http:\/\/www.quasar-salud.com.pe\/wp-content\/uploads\/2026\/04\/retiro-1080-x-1080-px.png","width":1080,"height":1080},{"@type":"BreadcrumbList","@id":"http:\/\/www.quasar-salud.com.pe\/?product=inmersion-clinica-certificante#breadcrumb","itemListElement":[{"@type":"ListItem","position":1,"name":"Portada","item":"http:\/\/www.quasar-salud.com.pe\/"},{"@type":"ListItem","position":2,"name":"Productos","item":"http:\/\/www.quasar-salud.com.pe\/?page_id=69"},{"@type":"ListItem","position":3,"name":"Inmersi\u00f3n Cl\u00ednica Certificante"}]},{"@type":"WebSite","@id":"http:\/\/www.quasar-salud.com.pe\/#website","url":"http:\/\/www.quasar-salud.com.pe\/","name":"QUASAR SALUD","description":"Priorizamos tu salud con metodos alternativos.","publisher":{"@id":"http:\/\/www.quasar-salud.com.pe\/#organization"},"potentialAction":[{"@type":"SearchAction","target":{"@type":"EntryPoint","urlTemplate":"http:\/\/www.quasar-salud.com.pe\/?s={search_term_string}"},"query-input":{"@type":"PropertyValueSpecification","valueRequired":true,"valueName":"search_term_string"}}],"inLanguage":"es"},{"@type":"Organization","@id":"http:\/\/www.quasar-salud.com.pe\/#organization","name":"QUASAR SALUD","url":"http:\/\/www.quasar-salud.com.pe\/","logo":{"@type":"ImageObject","inLanguage":"es","@id":"http:\/\/www.quasar-salud.com.pe\/#\/schema\/logo\/image\/","url":"http:\/\/www.quasar-salud.com.pe\/wp-content\/uploads\/2024\/07\/logo-quasar-web-borde-blanco.png","contentUrl":"http:\/\/www.quasar-salud.com.pe\/wp-content\/uploads\/2024\/07\/logo-quasar-web-borde-blanco.png","width":180,"height":73,"caption":"QUASAR SALUD"},"image":{"@id":"http:\/\/www.quasar-salud.com.pe\/#\/schema\/logo\/image\/"}}]}},"_links":{"self":[{"href":"http:\/\/www.quasar-salud.com.pe\/index.php?rest_route=\/wp\/v2\/product\/776","targetHints":{"allow":["GET"]}}],"collection":[{"href":"http:\/\/www.quasar-salud.com.pe\/index.php?rest_route=\/wp\/v2\/product"}],"about":[{"href":"http:\/\/www.quasar-salud.com.pe\/index.php?rest_route=\/wp\/v2\/types\/product"}],"replies":[{"embeddable":true,"href":"http:\/\/www.quasar-salud.com.pe\/index.php?rest_route=%2Fwp%2Fv2%2Fcomments&post=776"}],"wp:featuredmedia":[{"embeddable":true,"href":"http:\/\/www.quasar-salud.com.pe\/index.php?rest_route=\/wp\/v2\/media\/782"}],"wp:attachment":[{"href":"http:\/\/www.quasar-salud.com.pe\/index.php?rest_route=%2Fwp%2Fv2%2Fmedia&parent=776"}],"wp:term":[{"taxonomy":"product_brand","embeddable":true,"href":"http:\/\/www.quasar-salud.com.pe\/index.php?rest_route=%2Fwp%2Fv2%2Fproduct_brand&post=776"},{"taxonomy":"product_cat","embeddable":true,"href":"http:\/\/www.quasar-salud.com.pe\/index.php?rest_route=%2Fwp%2Fv2%2Fproduct_cat&post=776"},{"taxonomy":"product_tag","embeddable":true,"href":"http:\/\/www.quasar-salud.com.pe\/index.php?rest_route=%2Fwp%2Fv2%2Fproduct_tag&post=776"}],"curies":[{"name":"wp","href":"https:\/\/api.w.org\/{rel}","templated":true}]}}