{"id":794,"date":"2026-04-23T15:53:11","date_gmt":"2026-04-23T15:53:11","guid":{"rendered":"http:\/\/www.quasar-salud.com.pe\/?post_type=product&#038;p=794"},"modified":"2026-04-23T16:58:11","modified_gmt":"2026-04-23T16:58:11","slug":"videoconsulta-medica","status":"publish","type":"product","link":"http:\/\/www.quasar-salud.com.pe\/?product=videoconsulta-medica","title":{"rendered":"Videoconsulta M\u00e9dica"},"content":{"rendered":"<p>Atenci\u00f3n m\u00e9dica online de alto nivel, dise\u00f1ada para ir m\u00e1s all\u00e1 de la consulta tradicional. Cada videoconsulta es un espacio confidencial donde se integran ciencia, medicina y una visi\u00f3n profunda del paciente para comprender el origen del problema y no solo sus s\u00edntomas. Recibe una evaluaci\u00f3n personalizada, clara y honesta, con estrategias terap\u00e9uticas adaptadas a tu caso. Sin prisas, sin superficialidad, con el rigor y la dedicaci\u00f3n que tu salud merece.<\/p>\n","protected":false},"excerpt":{"rendered":"<p>Atenci\u00f3n m\u00e9dica online de alto nivel, dise\u00f1ada para ir m\u00e1s all\u00e1 de la consulta tradicional. Cada videoconsulta es un espacio confidencial donde se integran ciencia, medicina y una visi\u00f3n profunda del paciente para comprender el origen del problema y no solo sus s\u00edntomas. Recibe una evaluaci\u00f3n personalizada, clara y honesta, con estrategias terap\u00e9uticas adaptadas a [&hellip;]<\/p>\n","protected":false},"featured_media":796,"comment_status":"open","ping_status":"closed","template":"","meta":{"_kadence_starter_templates_imported_post":false},"product_brand":[],"product_cat":[31],"product_tag":[],"class_list":{"0":"post-794","1":"product","2":"type-product","3":"status-publish","4":"has-post-thumbnail","6":"product_cat-consultas-medicas","8":"first","9":"instock","10":"shipping-taxable","11":"purchasable","12":"product-type-simple"},"yoast_head":"<!-- This site is optimized with the Yoast SEO plugin v27.4 - https:\/\/yoast.com\/product\/yoast-seo-wordpress\/ -->\n<title>Videoconsulta M\u00e9dica - QUASAR SALUD<\/title>\n<meta name=\"robots\" content=\"index, follow, max-snippet:-1, max-image-preview:large, max-video-preview:-1\" \/>\n<link rel=\"canonical\" href=\"http:\/\/www.quasar-salud.com.pe\/?product=videoconsulta-medica\" \/>\n<meta property=\"og:locale\" content=\"es_ES\" \/>\n<meta property=\"og:type\" content=\"article\" \/>\n<meta property=\"og:title\" content=\"Videoconsulta M\u00e9dica - QUASAR SALUD\" \/>\n<meta property=\"og:description\" content=\"Atenci\u00f3n m\u00e9dica online de alto nivel, dise\u00f1ada para ir m\u00e1s all\u00e1 de la consulta tradicional. Cada videoconsulta es un espacio confidencial donde se integran ciencia, medicina y una visi\u00f3n profunda del paciente para comprender el origen del problema y no solo sus s\u00edntomas. Recibe una evaluaci\u00f3n personalizada, clara y honesta, con estrategias terap\u00e9uticas adaptadas a [&hellip;]\" \/>\n<meta property=\"og:url\" content=\"http:\/\/www.quasar-salud.com.pe\/?product=videoconsulta-medica\" \/>\n<meta property=\"og:site_name\" content=\"QUASAR SALUD\" \/>\n<meta property=\"article:modified_time\" content=\"2026-04-23T16:58:11+00:00\" \/>\n<meta property=\"og:image\" content=\"http:\/\/www.quasar-salud.com.pe\/wp-content\/uploads\/2026\/04\/videoconsulta-1000x1000-1.jpeg\" \/>\n\t<meta property=\"og:image:width\" content=\"1000\" \/>\n\t<meta property=\"og:image:height\" content=\"1000\" \/>\n\t<meta property=\"og:image:type\" content=\"image\/jpeg\" \/>\n<meta name=\"twitter:card\" content=\"summary_large_image\" \/>\n<meta name=\"twitter:label1\" content=\"Tiempo de lectura\" \/>\n\t<meta name=\"twitter:data1\" content=\"1 minuto\" \/>\n<script type=\"application\/ld+json\" class=\"yoast-schema-graph\">{\"@context\":\"https:\\\/\\\/schema.org\",\"@graph\":[{\"@type\":\"WebPage\",\"@id\":\"http:\\\/\\\/www.quasar-salud.com.pe\\\/?product=videoconsulta-medica\",\"url\":\"http:\\\/\\\/www.quasar-salud.com.pe\\\/?product=videoconsulta-medica\",\"name\":\"Videoconsulta M\u00e9dica - QUASAR SALUD\",\"isPartOf\":{\"@id\":\"http:\\\/\\\/www.quasar-salud.com.pe\\\/#website\"},\"primaryImageOfPage\":{\"@id\":\"http:\\\/\\\/www.quasar-salud.com.pe\\\/?product=videoconsulta-medica#primaryimage\"},\"image\":{\"@id\":\"http:\\\/\\\/www.quasar-salud.com.pe\\\/?product=videoconsulta-medica#primaryimage\"},\"thumbnailUrl\":\"http:\\\/\\\/www.quasar-salud.com.pe\\\/wp-content\\\/uploads\\\/2026\\\/04\\\/videoconsulta-1000x1000-1.jpeg\",\"datePublished\":\"2026-04-23T15:53:11+00:00\",\"dateModified\":\"2026-04-23T16:58:11+00:00\",\"breadcrumb\":{\"@id\":\"http:\\\/\\\/www.quasar-salud.com.pe\\\/?product=videoconsulta-medica#breadcrumb\"},\"inLanguage\":\"es\",\"potentialAction\":[{\"@type\":\"ReadAction\",\"target\":[\"http:\\\/\\\/www.quasar-salud.com.pe\\\/?product=videoconsulta-medica\"]}]},{\"@type\":\"ImageObject\",\"inLanguage\":\"es\",\"@id\":\"http:\\\/\\\/www.quasar-salud.com.pe\\\/?product=videoconsulta-medica#primaryimage\",\"url\":\"http:\\\/\\\/www.quasar-salud.com.pe\\\/wp-content\\\/uploads\\\/2026\\\/04\\\/videoconsulta-1000x1000-1.jpeg\",\"contentUrl\":\"http:\\\/\\\/www.quasar-salud.com.pe\\\/wp-content\\\/uploads\\\/2026\\\/04\\\/videoconsulta-1000x1000-1.jpeg\",\"width\":1000,\"height\":1000},{\"@type\":\"BreadcrumbList\",\"@id\":\"http:\\\/\\\/www.quasar-salud.com.pe\\\/?product=videoconsulta-medica#breadcrumb\",\"itemListElement\":[{\"@type\":\"ListItem\",\"position\":1,\"name\":\"Portada\",\"item\":\"http:\\\/\\\/www.quasar-salud.com.pe\\\/\"},{\"@type\":\"ListItem\",\"position\":2,\"name\":\"Productos\",\"item\":\"http:\\\/\\\/www.quasar-salud.com.pe\\\/?page_id=69\"},{\"@type\":\"ListItem\",\"position\":3,\"name\":\"Videoconsulta M\u00e9dica\"}]},{\"@type\":\"WebSite\",\"@id\":\"http:\\\/\\\/www.quasar-salud.com.pe\\\/#website\",\"url\":\"http:\\\/\\\/www.quasar-salud.com.pe\\\/\",\"name\":\"QUASAR SALUD\",\"description\":\"Priorizamos tu salud con metodos alternativos.\",\"publisher\":{\"@id\":\"http:\\\/\\\/www.quasar-salud.com.pe\\\/#organization\"},\"potentialAction\":[{\"@type\":\"SearchAction\",\"target\":{\"@type\":\"EntryPoint\",\"urlTemplate\":\"http:\\\/\\\/www.quasar-salud.com.pe\\\/?s={search_term_string}\"},\"query-input\":{\"@type\":\"PropertyValueSpecification\",\"valueRequired\":true,\"valueName\":\"search_term_string\"}}],\"inLanguage\":\"es\"},{\"@type\":\"Organization\",\"@id\":\"http:\\\/\\\/www.quasar-salud.com.pe\\\/#organization\",\"name\":\"QUASAR SALUD\",\"url\":\"http:\\\/\\\/www.quasar-salud.com.pe\\\/\",\"logo\":{\"@type\":\"ImageObject\",\"inLanguage\":\"es\",\"@id\":\"http:\\\/\\\/www.quasar-salud.com.pe\\\/#\\\/schema\\\/logo\\\/image\\\/\",\"url\":\"http:\\\/\\\/www.quasar-salud.com.pe\\\/wp-content\\\/uploads\\\/2024\\\/07\\\/logo-quasar-web-borde-blanco.png\",\"contentUrl\":\"http:\\\/\\\/www.quasar-salud.com.pe\\\/wp-content\\\/uploads\\\/2024\\\/07\\\/logo-quasar-web-borde-blanco.png\",\"width\":180,\"height\":73,\"caption\":\"QUASAR SALUD\"},\"image\":{\"@id\":\"http:\\\/\\\/www.quasar-salud.com.pe\\\/#\\\/schema\\\/logo\\\/image\\\/\"}}]}<\/script>\n<!-- \/ Yoast SEO plugin. -->","yoast_head_json":{"title":"Videoconsulta M\u00e9dica - QUASAR SALUD","robots":{"index":"index","follow":"follow","max-snippet":"max-snippet:-1","max-image-preview":"max-image-preview:large","max-video-preview":"max-video-preview:-1"},"canonical":"http:\/\/www.quasar-salud.com.pe\/?product=videoconsulta-medica","og_locale":"es_ES","og_type":"article","og_title":"Videoconsulta M\u00e9dica - QUASAR SALUD","og_description":"Atenci\u00f3n m\u00e9dica online de alto nivel, dise\u00f1ada para ir m\u00e1s all\u00e1 de la consulta tradicional. Cada videoconsulta es un espacio confidencial donde se integran ciencia, medicina y una visi\u00f3n profunda del paciente para comprender el origen del problema y no solo sus s\u00edntomas. Recibe una evaluaci\u00f3n personalizada, clara y honesta, con estrategias terap\u00e9uticas adaptadas a [&hellip;]","og_url":"http:\/\/www.quasar-salud.com.pe\/?product=videoconsulta-medica","og_site_name":"QUASAR SALUD","article_modified_time":"2026-04-23T16:58:11+00:00","og_image":[{"width":1000,"height":1000,"url":"http:\/\/www.quasar-salud.com.pe\/wp-content\/uploads\/2026\/04\/videoconsulta-1000x1000-1.jpeg","type":"image\/jpeg"}],"twitter_card":"summary_large_image","twitter_misc":{"Tiempo de lectura":"1 minuto"},"schema":{"@context":"https:\/\/schema.org","@graph":[{"@type":"WebPage","@id":"http:\/\/www.quasar-salud.com.pe\/?product=videoconsulta-medica","url":"http:\/\/www.quasar-salud.com.pe\/?product=videoconsulta-medica","name":"Videoconsulta M\u00e9dica - QUASAR SALUD","isPartOf":{"@id":"http:\/\/www.quasar-salud.com.pe\/#website"},"primaryImageOfPage":{"@id":"http:\/\/www.quasar-salud.com.pe\/?product=videoconsulta-medica#primaryimage"},"image":{"@id":"http:\/\/www.quasar-salud.com.pe\/?product=videoconsulta-medica#primaryimage"},"thumbnailUrl":"http:\/\/www.quasar-salud.com.pe\/wp-content\/uploads\/2026\/04\/videoconsulta-1000x1000-1.jpeg","datePublished":"2026-04-23T15:53:11+00:00","dateModified":"2026-04-23T16:58:11+00:00","breadcrumb":{"@id":"http:\/\/www.quasar-salud.com.pe\/?product=videoconsulta-medica#breadcrumb"},"inLanguage":"es","potentialAction":[{"@type":"ReadAction","target":["http:\/\/www.quasar-salud.com.pe\/?product=videoconsulta-medica"]}]},{"@type":"ImageObject","inLanguage":"es","@id":"http:\/\/www.quasar-salud.com.pe\/?product=videoconsulta-medica#primaryimage","url":"http:\/\/www.quasar-salud.com.pe\/wp-content\/uploads\/2026\/04\/videoconsulta-1000x1000-1.jpeg","contentUrl":"http:\/\/www.quasar-salud.com.pe\/wp-content\/uploads\/2026\/04\/videoconsulta-1000x1000-1.jpeg","width":1000,"height":1000},{"@type":"BreadcrumbList","@id":"http:\/\/www.quasar-salud.com.pe\/?product=videoconsulta-medica#breadcrumb","itemListElement":[{"@type":"ListItem","position":1,"name":"Portada","item":"http:\/\/www.quasar-salud.com.pe\/"},{"@type":"ListItem","position":2,"name":"Productos","item":"http:\/\/www.quasar-salud.com.pe\/?page_id=69"},{"@type":"ListItem","position":3,"name":"Videoconsulta M\u00e9dica"}]},{"@type":"WebSite","@id":"http:\/\/www.quasar-salud.com.pe\/#website","url":"http:\/\/www.quasar-salud.com.pe\/","name":"QUASAR SALUD","description":"Priorizamos tu salud con metodos alternativos.","publisher":{"@id":"http:\/\/www.quasar-salud.com.pe\/#organization"},"potentialAction":[{"@type":"SearchAction","target":{"@type":"EntryPoint","urlTemplate":"http:\/\/www.quasar-salud.com.pe\/?s={search_term_string}"},"query-input":{"@type":"PropertyValueSpecification","valueRequired":true,"valueName":"search_term_string"}}],"inLanguage":"es"},{"@type":"Organization","@id":"http:\/\/www.quasar-salud.com.pe\/#organization","name":"QUASAR SALUD","url":"http:\/\/www.quasar-salud.com.pe\/","logo":{"@type":"ImageObject","inLanguage":"es","@id":"http:\/\/www.quasar-salud.com.pe\/#\/schema\/logo\/image\/","url":"http:\/\/www.quasar-salud.com.pe\/wp-content\/uploads\/2024\/07\/logo-quasar-web-borde-blanco.png","contentUrl":"http:\/\/www.quasar-salud.com.pe\/wp-content\/uploads\/2024\/07\/logo-quasar-web-borde-blanco.png","width":180,"height":73,"caption":"QUASAR SALUD"},"image":{"@id":"http:\/\/www.quasar-salud.com.pe\/#\/schema\/logo\/image\/"}}]}},"_links":{"self":[{"href":"http:\/\/www.quasar-salud.com.pe\/index.php?rest_route=\/wp\/v2\/product\/794","targetHints":{"allow":["GET"]}}],"collection":[{"href":"http:\/\/www.quasar-salud.com.pe\/index.php?rest_route=\/wp\/v2\/product"}],"about":[{"href":"http:\/\/www.quasar-salud.com.pe\/index.php?rest_route=\/wp\/v2\/types\/product"}],"replies":[{"embeddable":true,"href":"http:\/\/www.quasar-salud.com.pe\/index.php?rest_route=%2Fwp%2Fv2%2Fcomments&post=794"}],"wp:featuredmedia":[{"embeddable":true,"href":"http:\/\/www.quasar-salud.com.pe\/index.php?rest_route=\/wp\/v2\/media\/796"}],"wp:attachment":[{"href":"http:\/\/www.quasar-salud.com.pe\/index.php?rest_route=%2Fwp%2Fv2%2Fmedia&parent=794"}],"wp:term":[{"taxonomy":"product_brand","embeddable":true,"href":"http:\/\/www.quasar-salud.com.pe\/index.php?rest_route=%2Fwp%2Fv2%2Fproduct_brand&post=794"},{"taxonomy":"product_cat","embeddable":true,"href":"http:\/\/www.quasar-salud.com.pe\/index.php?rest_route=%2Fwp%2Fv2%2Fproduct_cat&post=794"},{"taxonomy":"product_tag","embeddable":true,"href":"http:\/\/www.quasar-salud.com.pe\/index.php?rest_route=%2Fwp%2Fv2%2Fproduct_tag&post=794"}],"curies":[{"name":"wp","href":"https:\/\/api.w.org\/{rel}","templated":true}]}}